{"id":924,"date":"2021-09-16T14:50:59","date_gmt":"2021-09-16T18:50:59","guid":{"rendered":"https:\/\/www.burgundylegacyfoundation.com\/accessibilite\/"},"modified":"2024-02-16T14:25:01","modified_gmt":"2024-02-16T19:25:01","slug":"accessibilite","status":"publish","type":"page","link":"https:\/\/www.burgundylegacyfoundation.com\/fr\/accessibilite\/","title":{"rendered":"Accessibilit\u00e9"},"content":{"rendered":"\t\t<div data-elementor-type=\"wp-page\" data-elementor-id=\"924\" class=\"elementor elementor-924 elementor-922\" data-elementor-post-type=\"page\">\n\t\t\t\t\t\t<section class=\"elementor-section elementor-top-section elementor-element elementor-element-3ed2afa3 section-basic elementor-section-boxed elementor-section-height-default elementor-section-height-default\" data-id=\"3ed2afa3\" data-element_type=\"section\" data-e-type=\"section\">\n\t\t\t\t\t\t<div class=\"elementor-container elementor-column-gap-default\">\n\t\t\t\t\t<div class=\"elementor-column elementor-col-100 elementor-top-column elementor-element elementor-element-5288329b\" data-id=\"5288329b\" data-element_type=\"column\" data-e-type=\"column\">\n\t\t\t<div class=\"elementor-widget-wrap elementor-element-populated\">\n\t\t\t\t\t\t<section class=\"elementor-section elementor-inner-section elementor-element elementor-element-f5f76da reduce-lg elementor-section-boxed elementor-section-height-default elementor-section-height-default\" data-id=\"f5f76da\" data-element_type=\"section\" data-e-type=\"section\">\n\t\t\t\t\t\t<div class=\"elementor-container elementor-column-gap-default\">\n\t\t\t\t\t<div class=\"elementor-column elementor-col-100 elementor-inner-column elementor-element elementor-element-5dbd6895\" data-id=\"5dbd6895\" data-element_type=\"column\" data-e-type=\"column\">\n\t\t\t<div class=\"elementor-widget-wrap elementor-element-populated\">\n\t\t\t\t\t\t<div class=\"elementor-element elementor-element-4a30760c elementor-widget elementor-widget-text-editor\" data-id=\"4a30760c\" data-element_type=\"widget\" data-e-type=\"widget\" data-widget_type=\"text-editor.default\">\n\t\t\t\t<div class=\"elementor-widget-container\">\n\t\t\t\t\t\t\t\t\t<h1>\u00c9nonc\u00e9 sur l\u2019accessibilit\u00e9<\/h1>\n\t\t\t\t\t\t\t\t<\/div>\n\t\t\t\t<\/div>\n\t\t\t\t\t<\/div>\n\t\t<\/div>\n\t\t\t\t\t<\/div>\n\t\t<\/section>\n\t\t\t\t<section class=\"elementor-section elementor-inner-section elementor-element elementor-element-5b0785df reduce-lg elementor-section-boxed elementor-section-height-default elementor-section-height-default\" data-id=\"5b0785df\" data-element_type=\"section\" data-e-type=\"section\">\n\t\t\t\t\t\t<div class=\"elementor-container elementor-column-gap-default\">\n\t\t\t\t\t<div class=\"elementor-column elementor-col-100 elementor-inner-column elementor-element elementor-element-7e00742d\" data-id=\"7e00742d\" data-element_type=\"column\" data-e-type=\"column\">\n\t\t\t<div class=\"elementor-widget-wrap elementor-element-populated\">\n\t\t\t\t\t\t<div class=\"elementor-element elementor-element-54f04d21 elementor-widget elementor-widget-text-editor\" data-id=\"54f04d21\" data-element_type=\"widget\" data-e-type=\"widget\" data-widget_type=\"text-editor.default\">\n\t\t\t\t<div class=\"elementor-widget-container\">\n\t\t\t\t\t\t\t\t\t<p class=\"medium\">La Fondation patrimoine Burgundy (la \u00ab\u2009Fondation\u2009\u00bb) est r\u00e9solue \u00e0 offrir des services de fa\u00e7on \u00e0 respecter la dignit\u00e9 et l\u2019autonomie des personnes en situation de handicap. La Fondation privil\u00e9gie le bien-\u00eatre et l\u2019int\u00e9gration de toutes les personnes qui participent \u00e0 ses activit\u00e9s, y compris les personnes en situation de handicap.<\/p>\n<p class=\"medium\">La Fondation d\u00e9ploiera tous les efforts raisonnables afin d\u2019assurer que :<\/p>\n<ul>\n<li>les personnes en situation de handicap aient des chances \u00e9gales d\u2019obtenir et d\u2019utiliser les services et les installations de la Fondation et d\u2019en profiter;<\/li>\n<li>les services et les installations offerts respectent la dignit\u00e9 et l\u2019autonomie des personnes en situation de handicap;<\/li>\n<li>les communications avec une personne en situation de handicap soient \u00e9tablies d\u2019une mani\u00e8re qui, s\u2019il y a lieu, tienne compte du handicap de la personne;<\/li>\n<li>les personnes en situation de handicap puissent recourir \u00e0 des dispositifs d\u2019assistance, \u00e0 des animaux d\u2019assistance et \u00e0 des personnes de soutien, selon leurs besoins, pour acc\u00e9der aux services et aux installations de la Fondation.<\/li>\n<\/ul>\n<p class=\"medium\">Les politiques de la Fondation comprennent :<\/p>\n<ul>\n<li>des renseignements sur les mesures que nous prenons pour garantir l\u2019accessibilit\u00e9 de nos communications, de nos documents et de nos \u00e9v\u00e9nements;<\/li>\n<li>des d\u00e9tails sur les formations suivies par notre personnel sur l\u2019accessibilit\u00e9 du service \u00e0 la client\u00e8le et sur les mani\u00e8res d\u2019interagir avec les personnes en situation de handicap dans le respect de leur dignit\u00e9 et de leur autonomie;<\/li>\n<li>nos proc\u00e9dures en cas d\u2019interruption de service;<\/li>\n<li>nos proc\u00e9dures mises en place pour traiter les commentaires, les plaintes et les pr\u00e9occupations et y r\u00e9pondre;<\/li>\n<li>des renseignements sur les mesures que nous prenons pour accommoder les employ\u00e9s et les candidats \u00e0 l\u2019emploi ayant des besoins particuliers en mati\u00e8re d\u2019accessibilit\u00e9;<\/li>\n<li>des renseignements sur notre engagement \u00e0 accueillir les animaux d\u2019assistance et les personnes de soutien lorsque la loi le permet, entre autres choses.<\/li>\n<\/ul>\n<p class=\"medium\">Un exemplaire de notre Politique sur l\u2019accessibilit\u00e9 peut \u00eatre obtenu sur demande. Notre Politique peut \u00e9galement \u00eatre offerte sous d\u2019autres formes, sur demande. La Fondation mettra \u00e0 jour cette politique au besoin conform\u00e9ment aux r\u00e8glements applicables.<\/p>\n<p>La Fondation accueillera avec plaisir la r\u00e9troaction sur les fa\u00e7ons d\u2019am\u00e9liorer ses services et ses installations \u00e0 l\u2019intention des personnes ayant des besoins particuliers en mati\u00e8re d\u2019accessibilit\u00e9, et elle donnera suite \u00e0 cette r\u00e9troaction dans des d\u00e9lais raisonnables. N\u2019h\u00e9sitez pas \u00e0 nous transmettre votre r\u00e9troaction aux num\u00e9ros ou \u00e0 l\u2019adresse ci-dessous :<\/p>\n<p>Gestion d\u2019actifs Burgundy Lt\u00e9e<br><span style=\"font-family: sofia-pro, sans-serif; font-weight: 300; letter-spacing: 0.04px;\">a\/s Cheffe du personnel et gestion des talents<br><\/span><span style=\"font-family: sofia-pro, sans-serif; font-weight: 300; letter-spacing: 0.04px;\">Bay Wellington Tower, Brookfield Place<br><\/span><span style=\"font-family: sofia-pro, sans-serif; font-weight: 300; letter-spacing: 0.04px;\">181 Bay Street, bureau 4510<br><\/span><span style=\"font-family: sofia-pro, sans-serif; font-weight: 300; letter-spacing: 0.04px;\">C.P. 778, Toronto (Ontario) M5J 2T3<\/span><\/p>\n<p><span style=\"font-weight: 500;\">T\u00e9l\u00e9phone : <\/span><a href=\"tel:416-869-3222\">416-869-3222<\/a><br><span style=\"font-family: sofia-pro, sans-serif; letter-spacing: 0.04px; font-weight: 500;\">Courriel : <\/span><a href=\"mailto:info@burgundyasset.com\" style=\"letter-spacing: 0.04px; background-color: rgb(255, 255, 255);\">info@burgundyasset.com<\/a><\/p>\t\t\t\t\t\t\t\t<\/div>\n\t\t\t\t<\/div>\n\t\t\t\t\t<\/div>\n\t\t<\/div>\n\t\t\t\t\t<\/div>\n\t\t<\/section>\n\t\t\t\t\t<\/div>\n\t\t<\/div>\n\t\t\t\t\t<\/div>\n\t\t<\/section>\n\t\t\t\t<\/div>\n\t\t","protected":false},"excerpt":{"rendered":"<p>\u00c9nonc\u00e9 sur l\u2019accessibilit\u00e9 La Fondation patrimoine Burgundy (la \u00ab\u2009Fondation\u2009\u00bb) est r\u00e9solue \u00e0 offrir des services de fa\u00e7on \u00e0 respecter la dignit\u00e9 et l\u2019autonomie des personnes en situation de handicap. La Fondation privil\u00e9gie le bien-\u00eatre et l\u2019int\u00e9gration de toutes les personnes qui participent \u00e0 ses activit\u00e9s, y compris les personnes en situation de handicap. La Fondation [&hellip;]<\/p>\n","protected":false},"author":3,"featured_media":0,"parent":0,"menu_order":0,"comment_status":"closed","ping_status":"closed","template":"template-blank-elementor.php","meta":{"_acf_changed":false,"footnotes":""},"class_list":["post-924","page","type-page","status-publish","hentry"],"acf":[],"yoast_head":"<!-- This site is optimized with the Yoast SEO plugin v27.5 - https:\/\/yoast.com\/product\/yoast-seo-wordpress\/ -->\n<title>Accessibilit\u00e9 | Fondation patrimoine Burgundy<\/title>\n<meta name=\"description\" content=\"La Fondation est r\u00e9solue \u00e0 offrir des services de fa\u00e7on \u00e0 respecter la dignit\u00e9 et l\u2019autonomie des personnes en situation de handicap.\" \/>\n<meta name=\"robots\" content=\"index, follow, max-snippet:-1, max-image-preview:large, max-video-preview:-1\" \/>\n<link rel=\"canonical\" href=\"https:\/\/www.burgundylegacyfoundation.com\/fr\/accessibilite\/\" \/>\n<meta property=\"og:locale\" content=\"fr_FR\" \/>\n<meta property=\"og:type\" content=\"article\" \/>\n<meta property=\"og:title\" content=\"Accessibilit\u00e9 | Fondation patrimoine Burgundy\" \/>\n<meta property=\"og:description\" content=\"La Fondation est r\u00e9solue \u00e0 offrir des services de fa\u00e7on \u00e0 respecter la dignit\u00e9 et l\u2019autonomie des personnes en situation de handicap.\" \/>\n<meta property=\"og:url\" content=\"https:\/\/www.burgundylegacyfoundation.com\/fr\/accessibilite\/\" \/>\n<meta property=\"og:site_name\" content=\"Burgundy Legacy Foundation\" \/>\n<meta property=\"article:modified_time\" content=\"2024-02-16T19:25:01+00:00\" \/>\n<meta property=\"og:image\" content=\"https:\/\/www.burgundylegacyfoundation.com\/wp-content\/uploads\/2021\/03\/homepage-hero.jpg\" \/>\n\t<meta property=\"og:image:width\" content=\"1100\" \/>\n\t<meta property=\"og:image:height\" content=\"696\" \/>\n\t<meta property=\"og:image:type\" content=\"image\/jpeg\" \/>\n<meta name=\"twitter:card\" content=\"summary_large_image\" \/>\n<meta name=\"twitter:label1\" content=\"Dur\u00e9e de lecture estim\u00e9e\" \/>\n\t<meta name=\"twitter:data1\" content=\"3 minutes\" \/>\n<script type=\"application\/ld+json\" class=\"yoast-schema-graph\">{\"@context\":\"https:\\\/\\\/schema.org\",\"@graph\":[{\"@type\":\"WebPage\",\"@id\":\"https:\\\/\\\/www.burgundylegacyfoundation.com\\\/fr\\\/accessibilite\\\/\",\"url\":\"https:\\\/\\\/www.burgundylegacyfoundation.com\\\/fr\\\/accessibilite\\\/\",\"name\":\"Accessibilit\u00e9 | Fondation patrimoine Burgundy\",\"isPartOf\":{\"@id\":\"https:\\\/\\\/www.burgundylegacyfoundation.com\\\/fr\\\/#website\"},\"datePublished\":\"2021-09-16T18:50:59+00:00\",\"dateModified\":\"2024-02-16T19:25:01+00:00\",\"description\":\"La Fondation est r\u00e9solue \u00e0 offrir des services de fa\u00e7on \u00e0 respecter la dignit\u00e9 et l\u2019autonomie des personnes en situation de handicap.\",\"breadcrumb\":{\"@id\":\"https:\\\/\\\/www.burgundylegacyfoundation.com\\\/fr\\\/accessibilite\\\/#breadcrumb\"},\"inLanguage\":\"fr-FR\",\"potentialAction\":[{\"@type\":\"ReadAction\",\"target\":[\"https:\\\/\\\/www.burgundylegacyfoundation.com\\\/fr\\\/accessibilite\\\/\"]}]},{\"@type\":\"BreadcrumbList\",\"@id\":\"https:\\\/\\\/www.burgundylegacyfoundation.com\\\/fr\\\/accessibilite\\\/#breadcrumb\",\"itemListElement\":[{\"@type\":\"ListItem\",\"position\":1,\"name\":\"Home\",\"item\":\"https:\\\/\\\/www.burgundylegacyfoundation.com\\\/fr\\\/\"},{\"@type\":\"ListItem\",\"position\":2,\"name\":\"Accessibilit\u00e9\"}]},{\"@type\":\"WebSite\",\"@id\":\"https:\\\/\\\/www.burgundylegacyfoundation.com\\\/fr\\\/#website\",\"url\":\"https:\\\/\\\/www.burgundylegacyfoundation.com\\\/fr\\\/\",\"name\":\"Burgundy Legacy Foundation\",\"description\":\"\",\"publisher\":{\"@id\":\"https:\\\/\\\/www.burgundylegacyfoundation.com\\\/fr\\\/#organization\"},\"potentialAction\":[{\"@type\":\"SearchAction\",\"target\":{\"@type\":\"EntryPoint\",\"urlTemplate\":\"https:\\\/\\\/www.burgundylegacyfoundation.com\\\/fr\\\/?s={search_term_string}\"},\"query-input\":{\"@type\":\"PropertyValueSpecification\",\"valueRequired\":true,\"valueName\":\"search_term_string\"}}],\"inLanguage\":\"fr-FR\"},{\"@type\":\"Organization\",\"@id\":\"https:\\\/\\\/www.burgundylegacyfoundation.com\\\/fr\\\/#organization\",\"name\":\"Burgundy Asset Management\",\"url\":\"https:\\\/\\\/www.burgundylegacyfoundation.com\\\/fr\\\/\",\"logo\":{\"@type\":\"ImageObject\",\"inLanguage\":\"fr-FR\",\"@id\":\"https:\\\/\\\/www.burgundylegacyfoundation.com\\\/fr\\\/#\\\/schema\\\/logo\\\/image\\\/\",\"url\":\"https:\\\/\\\/www.burgundylegacyfoundation.com\\\/wp-content\\\/uploads\\\/2020\\\/09\\\/BLF-Logo.svg\",\"contentUrl\":\"https:\\\/\\\/www.burgundylegacyfoundation.com\\\/wp-content\\\/uploads\\\/2020\\\/09\\\/BLF-Logo.svg\",\"width\":1,\"height\":1,\"caption\":\"Burgundy Asset Management\"},\"image\":{\"@id\":\"https:\\\/\\\/www.burgundylegacyfoundation.com\\\/fr\\\/#\\\/schema\\\/logo\\\/image\\\/\"}}]}<\/script>\n<!-- \/ Yoast SEO plugin. -->","yoast_head_json":{"title":"Accessibilit\u00e9 | Fondation patrimoine Burgundy","description":"La Fondation est r\u00e9solue \u00e0 offrir des services de fa\u00e7on \u00e0 respecter la dignit\u00e9 et l\u2019autonomie des personnes en situation de handicap.","robots":{"index":"index","follow":"follow","max-snippet":"max-snippet:-1","max-image-preview":"max-image-preview:large","max-video-preview":"max-video-preview:-1"},"canonical":"https:\/\/www.burgundylegacyfoundation.com\/fr\/accessibilite\/","og_locale":"fr_FR","og_type":"article","og_title":"Accessibilit\u00e9 | Fondation patrimoine Burgundy","og_description":"La Fondation est r\u00e9solue \u00e0 offrir des services de fa\u00e7on \u00e0 respecter la dignit\u00e9 et l\u2019autonomie des personnes en situation de handicap.","og_url":"https:\/\/www.burgundylegacyfoundation.com\/fr\/accessibilite\/","og_site_name":"Burgundy Legacy Foundation","article_modified_time":"2024-02-16T19:25:01+00:00","og_image":[{"width":1100,"height":696,"url":"https:\/\/www.burgundylegacyfoundation.com\/wp-content\/uploads\/2021\/03\/homepage-hero.jpg","type":"image\/jpeg"}],"twitter_card":"summary_large_image","twitter_misc":{"Dur\u00e9e de lecture estim\u00e9e":"3 minutes"},"schema":{"@context":"https:\/\/schema.org","@graph":[{"@type":"WebPage","@id":"https:\/\/www.burgundylegacyfoundation.com\/fr\/accessibilite\/","url":"https:\/\/www.burgundylegacyfoundation.com\/fr\/accessibilite\/","name":"Accessibilit\u00e9 | Fondation patrimoine Burgundy","isPartOf":{"@id":"https:\/\/www.burgundylegacyfoundation.com\/fr\/#website"},"datePublished":"2021-09-16T18:50:59+00:00","dateModified":"2024-02-16T19:25:01+00:00","description":"La Fondation est r\u00e9solue \u00e0 offrir des services de fa\u00e7on \u00e0 respecter la dignit\u00e9 et l\u2019autonomie des personnes en situation de handicap.","breadcrumb":{"@id":"https:\/\/www.burgundylegacyfoundation.com\/fr\/accessibilite\/#breadcrumb"},"inLanguage":"fr-FR","potentialAction":[{"@type":"ReadAction","target":["https:\/\/www.burgundylegacyfoundation.com\/fr\/accessibilite\/"]}]},{"@type":"BreadcrumbList","@id":"https:\/\/www.burgundylegacyfoundation.com\/fr\/accessibilite\/#breadcrumb","itemListElement":[{"@type":"ListItem","position":1,"name":"Home","item":"https:\/\/www.burgundylegacyfoundation.com\/fr\/"},{"@type":"ListItem","position":2,"name":"Accessibilit\u00e9"}]},{"@type":"WebSite","@id":"https:\/\/www.burgundylegacyfoundation.com\/fr\/#website","url":"https:\/\/www.burgundylegacyfoundation.com\/fr\/","name":"Burgundy Legacy Foundation","description":"","publisher":{"@id":"https:\/\/www.burgundylegacyfoundation.com\/fr\/#organization"},"potentialAction":[{"@type":"SearchAction","target":{"@type":"EntryPoint","urlTemplate":"https:\/\/www.burgundylegacyfoundation.com\/fr\/?s={search_term_string}"},"query-input":{"@type":"PropertyValueSpecification","valueRequired":true,"valueName":"search_term_string"}}],"inLanguage":"fr-FR"},{"@type":"Organization","@id":"https:\/\/www.burgundylegacyfoundation.com\/fr\/#organization","name":"Burgundy Asset Management","url":"https:\/\/www.burgundylegacyfoundation.com\/fr\/","logo":{"@type":"ImageObject","inLanguage":"fr-FR","@id":"https:\/\/www.burgundylegacyfoundation.com\/fr\/#\/schema\/logo\/image\/","url":"https:\/\/www.burgundylegacyfoundation.com\/wp-content\/uploads\/2020\/09\/BLF-Logo.svg","contentUrl":"https:\/\/www.burgundylegacyfoundation.com\/wp-content\/uploads\/2020\/09\/BLF-Logo.svg","width":1,"height":1,"caption":"Burgundy Asset Management"},"image":{"@id":"https:\/\/www.burgundylegacyfoundation.com\/fr\/#\/schema\/logo\/image\/"}}]}},"_links":{"self":[{"href":"https:\/\/www.burgundylegacyfoundation.com\/fr\/wp-json\/wp\/v2\/pages\/924","targetHints":{"allow":["GET"]}}],"collection":[{"href":"https:\/\/www.burgundylegacyfoundation.com\/fr\/wp-json\/wp\/v2\/pages"}],"about":[{"href":"https:\/\/www.burgundylegacyfoundation.com\/fr\/wp-json\/wp\/v2\/types\/page"}],"author":[{"embeddable":true,"href":"https:\/\/www.burgundylegacyfoundation.com\/fr\/wp-json\/wp\/v2\/users\/3"}],"replies":[{"embeddable":true,"href":"https:\/\/www.burgundylegacyfoundation.com\/fr\/wp-json\/wp\/v2\/comments?post=924"}],"version-history":[{"count":0,"href":"https:\/\/www.burgundylegacyfoundation.com\/fr\/wp-json\/wp\/v2\/pages\/924\/revisions"}],"wp:attachment":[{"href":"https:\/\/www.burgundylegacyfoundation.com\/fr\/wp-json\/wp\/v2\/media?parent=924"}],"curies":[{"name":"wp","href":"https:\/\/api.w.org\/{rel}","templated":true}]}}