{"id":801,"date":"2020-10-02T15:39:33","date_gmt":"2020-10-02T19:39:33","guid":{"rendered":"https:\/\/burgundylegacyfoundation.com\/fr-contact-us\/"},"modified":"2024-02-16T14:35:32","modified_gmt":"2024-02-16T19:35:32","slug":"nous-joindre","status":"publish","type":"page","link":"https:\/\/www.burgundylegacyfoundation.com\/fr\/nous-joindre\/","title":{"rendered":"Nous joindre"},"content":{"rendered":"\t\t<div data-elementor-type=\"wp-page\" data-elementor-id=\"801\" class=\"elementor elementor-801 elementor-366\" data-elementor-post-type=\"page\">\n\t\t\t\t\t\t<section class=\"elementor-section elementor-top-section elementor-element elementor-element-e2b3319 section-basic elementor-section-boxed elementor-section-height-default elementor-section-height-default\" data-id=\"e2b3319\" data-element_type=\"section\" data-e-type=\"section\">\n\t\t\t\t\t\t<div class=\"elementor-container elementor-column-gap-default\">\n\t\t\t\t\t<div class=\"elementor-column elementor-col-100 elementor-top-column elementor-element elementor-element-bd78807\" data-id=\"bd78807\" data-element_type=\"column\" data-e-type=\"column\">\n\t\t\t<div class=\"elementor-widget-wrap elementor-element-populated\">\n\t\t\t\t\t\t<section class=\"elementor-section elementor-inner-section elementor-element elementor-element-addebfe reduce-lg elementor-section-boxed elementor-section-height-default elementor-section-height-default\" data-id=\"addebfe\" data-element_type=\"section\" data-e-type=\"section\">\n\t\t\t\t\t\t<div class=\"elementor-container elementor-column-gap-default\">\n\t\t\t\t\t<div class=\"elementor-column elementor-col-100 elementor-inner-column elementor-element elementor-element-520c1b4\" data-id=\"520c1b4\" data-element_type=\"column\" data-e-type=\"column\">\n\t\t\t<div class=\"elementor-widget-wrap elementor-element-populated\">\n\t\t\t\t\t\t<div class=\"elementor-element elementor-element-3f0d1e6 elementor-widget elementor-widget-text-editor\" data-id=\"3f0d1e6\" data-element_type=\"widget\" data-e-type=\"widget\" data-widget_type=\"text-editor.default\">\n\t\t\t\t<div class=\"elementor-widget-container\">\n\t\t\t\t\t\t\t\t\t<h1>Nous joindre<\/h1>\t\t\t\t\t\t\t\t<\/div>\n\t\t\t\t<\/div>\n\t\t\t\t\t<\/div>\n\t\t<\/div>\n\t\t\t\t\t<\/div>\n\t\t<\/section>\n\t\t\t\t\t<\/div>\n\t\t<\/div>\n\t\t\t\t\t<\/div>\n\t\t<\/section>\n\t\t\t\t<section class=\"elementor-section elementor-top-section elementor-element elementor-element-d481d71 contact-form elementor-section-boxed elementor-section-height-default elementor-section-height-default\" data-id=\"d481d71\" data-element_type=\"section\" data-e-type=\"section\" id=\"ContactFormContainer\">\n\t\t\t\t\t\t<div class=\"elementor-container elementor-column-gap-default\">\n\t\t\t\t\t<div class=\"elementor-column elementor-col-100 elementor-top-column elementor-element elementor-element-c749304\" data-id=\"c749304\" data-element_type=\"column\" data-e-type=\"column\">\n\t\t\t<div class=\"elementor-widget-wrap elementor-element-populated\">\n\t\t\t\t\t\t<section class=\"elementor-section elementor-inner-section elementor-element elementor-element-2b656a7 bg-cream elementor-section-boxed elementor-section-height-default elementor-section-height-default\" data-id=\"2b656a7\" data-element_type=\"section\" data-e-type=\"section\">\n\t\t\t\t\t\t<div class=\"elementor-container elementor-column-gap-default\">\n\t\t\t\t\t<div class=\"elementor-column elementor-col-100 elementor-inner-column elementor-element elementor-element-6638ef4\" data-id=\"6638ef4\" data-element_type=\"column\" data-e-type=\"column\">\n\t\t\t<div class=\"elementor-widget-wrap elementor-element-populated\">\n\t\t\t\t\t\t<div class=\"elementor-element elementor-element-d582bb8 elementor-widget elementor-widget-shortcode\" data-id=\"d582bb8\" data-element_type=\"widget\" data-e-type=\"widget\" data-widget_type=\"shortcode.default\">\n\t\t\t\t<div class=\"elementor-widget-container\">\n\t\t\t\t\t\t\t<div class=\"elementor-shortcode\">\n<div class=\"wpcf7 no-js\" id=\"wpcf7-f828-o1\" lang=\"fr-FR\" dir=\"ltr\" data-wpcf7-id=\"828\">\n<div class=\"screen-reader-response\"><p role=\"status\" aria-live=\"polite\" aria-atomic=\"true\"><\/p> <ul><\/ul><\/div>\n<form action=\"\/fr\/wp-json\/wp\/v2\/pages\/801#wpcf7-f828-o1\" method=\"post\" class=\"wpcf7-form init\" aria-label=\"Formulaire de contact\" novalidate=\"novalidate\" data-status=\"init\">\n<fieldset class=\"hidden-fields-container\"><input type=\"hidden\" name=\"_wpcf7\" value=\"828\" \/><input type=\"hidden\" name=\"_wpcf7_version\" value=\"6.1.5\" \/><input type=\"hidden\" name=\"_wpcf7_locale\" value=\"fr_FR\" \/><input type=\"hidden\" name=\"_wpcf7_unit_tag\" value=\"wpcf7-f828-o1\" \/><input type=\"hidden\" name=\"_wpcf7_container_post\" value=\"0\" \/><input type=\"hidden\" name=\"_wpcf7_posted_data_hash\" value=\"\" \/><input type=\"hidden\" name=\"_wpcf7_recaptcha_response\" value=\"\" \/>\n<\/fieldset>\n<label for=\"first-name\">Pr\u00e9nom<\/label>\n<span class=\"wpcf7-form-control-wrap\" data-name=\"first-name\"><input size=\"40\" maxlength=\"400\" class=\"wpcf7-form-control wpcf7-text wpcf7-validates-as-required\" id=\"first-name\" aria-required=\"true\" aria-invalid=\"false\" value=\"\" type=\"text\" name=\"first-name\" \/><\/span> \n\n<label for=\"last-name\">Nom<\/label>\n<span class=\"wpcf7-form-control-wrap\" data-name=\"last-name\"><input size=\"40\" maxlength=\"400\" class=\"wpcf7-form-control wpcf7-text wpcf7-validates-as-required\" id=\"last-name\" aria-required=\"true\" aria-invalid=\"false\" value=\"\" type=\"text\" name=\"last-name\" \/><\/span> \n\n<label for=\"email\">Adresse \u00e9lectronique<\/label>\n<span class=\"wpcf7-form-control-wrap\" data-name=\"email\"><input size=\"40\" maxlength=\"400\" class=\"wpcf7-form-control wpcf7-email wpcf7-validates-as-required wpcf7-text wpcf7-validates-as-email\" id=\"email\" aria-required=\"true\" aria-invalid=\"false\" value=\"\" type=\"email\" name=\"email\" \/><\/span> \n\n<label for=\"phone\">Num\u00e9ro de t\u00e9l\u00e9phone<\/label>\n<span class=\"wpcf7-form-control-wrap\" data-name=\"phone\"><input size=\"40\" maxlength=\"400\" class=\"wpcf7-form-control wpcf7-tel wpcf7-text wpcf7-validates-as-tel\" id=\"phone\" aria-invalid=\"false\" value=\"\" type=\"tel\" name=\"phone\" \/><\/span> \n\n<p>Ma question porte sur :<\/p>\n<span class=\"wpcf7-form-control-wrap\" data-name=\"question\"><span class=\"wpcf7-form-control wpcf7-radio\" id=\"question\"><span class=\"wpcf7-list-item first\"><label><input type=\"radio\" name=\"question\" value=\"Octrois\" checked=\"checked\" \/><span class=\"wpcf7-list-item-label\">Octrois<\/span><\/label><\/span><span class=\"wpcf7-list-item\"><label><input type=\"radio\" name=\"question\" value=\"Dons\" \/><span class=\"wpcf7-list-item-label\">Dons<\/span><\/label><\/span><span class=\"wpcf7-list-item last\"><label><input type=\"radio\" name=\"question\" value=\"G\u00e9n\u00e9ralit\u00e9s\" \/><span class=\"wpcf7-list-item-label\">G\u00e9n\u00e9ralit\u00e9s<\/span><\/label><\/span><\/span><\/span>\n\n<label for=\"message\">Comment pouvons-nous vous aider?<\/label>\n<span class=\"wpcf7-form-control-wrap\" data-name=\"message\"><textarea cols=\"40\" rows=\"10\" maxlength=\"2000\" class=\"wpcf7-form-control wpcf7-textarea wpcf7-validates-as-required\" id=\"message\" aria-required=\"true\" aria-invalid=\"false\" name=\"message\"><\/textarea><\/span>\n\n<p class=\"recaptcha-disclaimer\">\nCe site est prot\u00e9g\u00e9 par reCAPTCHA. Les <a href=\"https:\/\/policies.google.com\/privacy\" target=\"_blank\">termes de confidentialit\u00e9<\/a> et <a href=\"https:\/\/policies.google.com\/terms\" target=\"_blank\">conditions d\u2019utilisation<\/a> de Google sont appliqu\u00e9s.<\/p>\n\n<input class=\"wpcf7-form-control wpcf7-submit has-spinner\" type=\"submit\" value=\"Soumettre le formulaire\" \/><div class=\"wpcf7-response-output\" aria-hidden=\"true\"><\/div>\n<\/form>\n<\/div>\n<\/div>\n\t\t\t\t\t\t<\/div>\n\t\t\t\t<\/div>\n\t\t\t\t<div class=\"elementor-element elementor-element-8294831 elementor-widget elementor-widget-text-editor\" data-id=\"8294831\" data-element_type=\"widget\" data-e-type=\"widget\" id=\"FormSuccess\" data-widget_type=\"text-editor.default\">\n\t\t\t\t<div class=\"elementor-widget-container\">\n\t\t\t\t\t\t\t\t\t<h3 style=\"text-align: center;\">Merci de communiquer avec nous!<\/h3>\n<p style=\"text-align: center;\">Notre \u00e9quipe vous reviendra sous peu. Nous vous remercions de votre patience.<\/p>\n<p style=\"text-align: center;\"><a class=\"button\" style=\"margin-bottom: 0;\" href=\"https:\/\/www.burgundylegacyfoundation.com\/fr\/\">Retour \u00e0 la page d\u2019accueil<\/a><\/p>\t\t\t\t\t\t\t\t<\/div>\n\t\t\t\t<\/div>\n\t\t\t\t\t<\/div>\n\t\t<\/div>\n\t\t\t\t\t<\/div>\n\t\t<\/section>\n\t\t\t\t\t<\/div>\n\t\t<\/div>\n\t\t\t\t\t<\/div>\n\t\t<\/section>\n\t\t\t\t<section class=\"elementor-section elementor-top-section elementor-element elementor-element-bccf9fd elementor-section-boxed elementor-section-height-default elementor-section-height-default\" data-id=\"bccf9fd\" data-element_type=\"section\" data-e-type=\"section\">\n\t\t\t\t\t\t<div class=\"elementor-container elementor-column-gap-default\">\n\t\t\t\t\t<div class=\"elementor-column elementor-col-100 elementor-top-column elementor-element elementor-element-948ccb2\" data-id=\"948ccb2\" data-element_type=\"column\" data-e-type=\"column\">\n\t\t\t<div class=\"elementor-widget-wrap elementor-element-populated\">\n\t\t\t\t\t\t<section class=\"elementor-section elementor-inner-section elementor-element elementor-element-5beca2e reduce-lg elementor-section-boxed elementor-section-height-default elementor-section-height-default\" data-id=\"5beca2e\" data-element_type=\"section\" data-e-type=\"section\">\n\t\t\t\t\t\t<div class=\"elementor-container elementor-column-gap-default\">\n\t\t\t\t\t<div class=\"elementor-column elementor-col-50 elementor-inner-column elementor-element elementor-element-6c44593\" data-id=\"6c44593\" data-element_type=\"column\" data-e-type=\"column\">\n\t\t\t<div class=\"elementor-widget-wrap elementor-element-populated\">\n\t\t\t\t\t\t<div class=\"elementor-element elementor-element-2567d3c elementor-widget elementor-widget-text-editor\" data-id=\"2567d3c\" data-element_type=\"widget\" data-e-type=\"widget\" data-widget_type=\"text-editor.default\">\n\t\t\t\t<div class=\"elementor-widget-container\">\n\t\t\t\t\t\t\t\t\t<h2 class=\"small\">Adresse<\/h2>\n\t\t\t\t\t\t\t\t<\/div>\n\t\t\t\t<\/div>\n\t\t\t\t<div class=\"elementor-element elementor-element-3054631 elementor-widget elementor-widget-text-editor\" data-id=\"3054631\" data-element_type=\"widget\" data-e-type=\"widget\" data-widget_type=\"text-editor.default\">\n\t\t\t\t<div class=\"elementor-widget-container\">\n\t\t\t\t\t\t\t\t\t<p class=\"medium\">La tour Bay Wellington, Place Brookfield <br \/>181, rue Bay, bureau 4510 <br \/>Case postale 778, Toronto, ON M5J 2T3<\/p><p><a class=\"elementor-underline\" href=\"https:\/\/goo.gl\/maps\/3NPLU7ysTzaauMhy8\" target=\"_blank\" rel=\"noopener\">Voir la carte<\/a><\/p>\t\t\t\t\t\t\t\t<\/div>\n\t\t\t\t<\/div>\n\t\t\t\t\t<\/div>\n\t\t<\/div>\n\t\t\t\t<div class=\"elementor-column elementor-col-50 elementor-inner-column elementor-element elementor-element-abfb62c\" data-id=\"abfb62c\" data-element_type=\"column\" data-e-type=\"column\">\n\t\t\t<div class=\"elementor-widget-wrap elementor-element-populated\">\n\t\t\t\t\t\t<div class=\"elementor-element elementor-element-7299f98 elementor-widget elementor-widget-text-editor\" data-id=\"7299f98\" data-element_type=\"widget\" data-e-type=\"widget\" data-widget_type=\"text-editor.default\">\n\t\t\t\t<div class=\"elementor-widget-container\">\n\t\t\t\t\t\t\t\t\t<h2 class=\"small\">Nous joindre<\/h2>\n\t\t\t\t\t\t\t\t<\/div>\n\t\t\t\t<\/div>\n\t\t\t\t<div class=\"elementor-element elementor-element-fc4109e elementor-widget elementor-widget-text-editor\" data-id=\"fc4109e\" data-element_type=\"widget\" data-e-type=\"widget\" data-widget_type=\"text-editor.default\">\n\t\t\t\t<div class=\"elementor-widget-container\">\n\t\t\t\t\t\t\t\t\t<p class=\"medium\">T\u00e9l\u00e9phone : <a class=\"elementor-underline\" href=\"tel:514-844-8091\">(514) 844-8091<\/a>\n<br>\nSans frais : <a class=\"elementor-underline\" href=\"tel:1-877-844-8091\">1 (877) 844-8091<\/a>\n<br>\n<a class=\"elementor-underline\" href=\"mailto:info@burgundylegacyfoundation.com\">info@burgundylegacyfoundation.com<\/a><\/p>\t\t\t\t\t\t\t\t<\/div>\n\t\t\t\t<\/div>\n\t\t\t\t\t<\/div>\n\t\t<\/div>\n\t\t\t\t\t<\/div>\n\t\t<\/section>\n\t\t\t\t\t<\/div>\n\t\t<\/div>\n\t\t\t\t\t<\/div>\n\t\t<\/section>\n\t\t\t\t<\/div>\n\t\t","protected":false},"excerpt":{"rendered":"<p>Nous joindre Merci de communiquer avec nous! Notre \u00e9quipe vous reviendra sous peu. Nous vous remercions de votre patience. Retour \u00e0 la page d\u2019accueil Adresse La tour Bay Wellington, Place Brookfield 181, rue Bay, bureau 4510 Case postale 778, Toronto, ON M5J 2T3 Voir la carte Nous joindre T\u00e9l\u00e9phone : (514) 844-8091 Sans frais : [&hellip;]<\/p>\n","protected":false},"author":2,"featured_media":0,"parent":0,"menu_order":0,"comment_status":"closed","ping_status":"closed","template":"template-blank-elementor.php","meta":{"_acf_changed":false,"footnotes":""},"class_list":["post-801","page","type-page","status-publish","hentry"],"acf":[],"yoast_head":"<!-- This site is optimized with the Yoast SEO plugin v27.5 - https:\/\/yoast.com\/product\/yoast-seo-wordpress\/ -->\n<title>Nous joindre | Fondation patrimoine Burgundy<\/title>\n<meta name=\"description\" content=\"Comment pouvons-nous vous aider? T\u00e9l\u00e9phone : (514) 844-8091 | Sans frais : 1 (877) 844-8091 | info@burgundylegacyfoundation.com\" \/>\n<meta name=\"robots\" content=\"index, follow, max-snippet:-1, max-image-preview:large, max-video-preview:-1\" \/>\n<link rel=\"canonical\" href=\"https:\/\/www.burgundylegacyfoundation.com\/fr\/nous-joindre\/\" \/>\n<meta property=\"og:locale\" content=\"fr_FR\" \/>\n<meta property=\"og:type\" content=\"article\" \/>\n<meta property=\"og:title\" content=\"Nous joindre | Fondation patrimoine Burgundy\" \/>\n<meta property=\"og:description\" content=\"Comment pouvons-nous vous aider? T\u00e9l\u00e9phone : (514) 844-8091 | Sans frais : 1 (877) 844-8091 | info@burgundylegacyfoundation.com\" \/>\n<meta property=\"og:url\" content=\"https:\/\/www.burgundylegacyfoundation.com\/fr\/nous-joindre\/\" \/>\n<meta property=\"og:site_name\" content=\"Burgundy Legacy Foundation\" \/>\n<meta property=\"article:modified_time\" content=\"2024-02-16T19:35:32+00:00\" \/>\n<meta property=\"og:image\" content=\"https:\/\/www.burgundylegacyfoundation.com\/wp-content\/uploads\/2021\/03\/homepage-hero.jpg\" \/>\n\t<meta property=\"og:image:width\" content=\"1100\" \/>\n\t<meta property=\"og:image:height\" content=\"696\" \/>\n\t<meta property=\"og:image:type\" content=\"image\/jpeg\" \/>\n<meta name=\"twitter:card\" content=\"summary_large_image\" \/>\n<meta name=\"twitter:label1\" content=\"Dur\u00e9e de lecture estim\u00e9e\" \/>\n\t<meta name=\"twitter:data1\" content=\"1 minute\" \/>\n<script type=\"application\/ld+json\" class=\"yoast-schema-graph\">{\"@context\":\"https:\\\/\\\/schema.org\",\"@graph\":[{\"@type\":\"WebPage\",\"@id\":\"https:\\\/\\\/www.burgundylegacyfoundation.com\\\/fr\\\/nous-joindre\\\/\",\"url\":\"https:\\\/\\\/www.burgundylegacyfoundation.com\\\/fr\\\/nous-joindre\\\/\",\"name\":\"Nous joindre | Fondation patrimoine Burgundy\",\"isPartOf\":{\"@id\":\"https:\\\/\\\/www.burgundylegacyfoundation.com\\\/fr\\\/#website\"},\"datePublished\":\"2020-10-02T19:39:33+00:00\",\"dateModified\":\"2024-02-16T19:35:32+00:00\",\"description\":\"Comment pouvons-nous vous aider? T\u00e9l\u00e9phone : (514) 844-8091 | Sans frais : 1 (877) 844-8091 | info@burgundylegacyfoundation.com\",\"breadcrumb\":{\"@id\":\"https:\\\/\\\/www.burgundylegacyfoundation.com\\\/fr\\\/nous-joindre\\\/#breadcrumb\"},\"inLanguage\":\"fr-FR\",\"potentialAction\":[{\"@type\":\"ReadAction\",\"target\":[\"https:\\\/\\\/www.burgundylegacyfoundation.com\\\/fr\\\/nous-joindre\\\/\"]}]},{\"@type\":\"BreadcrumbList\",\"@id\":\"https:\\\/\\\/www.burgundylegacyfoundation.com\\\/fr\\\/nous-joindre\\\/#breadcrumb\",\"itemListElement\":[{\"@type\":\"ListItem\",\"position\":1,\"name\":\"Home\",\"item\":\"https:\\\/\\\/www.burgundylegacyfoundation.com\\\/fr\\\/\"},{\"@type\":\"ListItem\",\"position\":2,\"name\":\"Nous joindre\"}]},{\"@type\":\"WebSite\",\"@id\":\"https:\\\/\\\/www.burgundylegacyfoundation.com\\\/fr\\\/#website\",\"url\":\"https:\\\/\\\/www.burgundylegacyfoundation.com\\\/fr\\\/\",\"name\":\"Burgundy Legacy Foundation\",\"description\":\"\",\"publisher\":{\"@id\":\"https:\\\/\\\/www.burgundylegacyfoundation.com\\\/fr\\\/#organization\"},\"potentialAction\":[{\"@type\":\"SearchAction\",\"target\":{\"@type\":\"EntryPoint\",\"urlTemplate\":\"https:\\\/\\\/www.burgundylegacyfoundation.com\\\/fr\\\/?s={search_term_string}\"},\"query-input\":{\"@type\":\"PropertyValueSpecification\",\"valueRequired\":true,\"valueName\":\"search_term_string\"}}],\"inLanguage\":\"fr-FR\"},{\"@type\":\"Organization\",\"@id\":\"https:\\\/\\\/www.burgundylegacyfoundation.com\\\/fr\\\/#organization\",\"name\":\"Burgundy Asset Management\",\"url\":\"https:\\\/\\\/www.burgundylegacyfoundation.com\\\/fr\\\/\",\"logo\":{\"@type\":\"ImageObject\",\"inLanguage\":\"fr-FR\",\"@id\":\"https:\\\/\\\/www.burgundylegacyfoundation.com\\\/fr\\\/#\\\/schema\\\/logo\\\/image\\\/\",\"url\":\"https:\\\/\\\/www.burgundylegacyfoundation.com\\\/wp-content\\\/uploads\\\/2020\\\/09\\\/BLF-Logo.svg\",\"contentUrl\":\"https:\\\/\\\/www.burgundylegacyfoundation.com\\\/wp-content\\\/uploads\\\/2020\\\/09\\\/BLF-Logo.svg\",\"width\":1,\"height\":1,\"caption\":\"Burgundy Asset Management\"},\"image\":{\"@id\":\"https:\\\/\\\/www.burgundylegacyfoundation.com\\\/fr\\\/#\\\/schema\\\/logo\\\/image\\\/\"}}]}<\/script>\n<!-- \/ Yoast SEO plugin. -->","yoast_head_json":{"title":"Nous joindre | Fondation patrimoine Burgundy","description":"Comment pouvons-nous vous aider? T\u00e9l\u00e9phone : (514) 844-8091 | Sans frais : 1 (877) 844-8091 | info@burgundylegacyfoundation.com","robots":{"index":"index","follow":"follow","max-snippet":"max-snippet:-1","max-image-preview":"max-image-preview:large","max-video-preview":"max-video-preview:-1"},"canonical":"https:\/\/www.burgundylegacyfoundation.com\/fr\/nous-joindre\/","og_locale":"fr_FR","og_type":"article","og_title":"Nous joindre | Fondation patrimoine Burgundy","og_description":"Comment pouvons-nous vous aider? T\u00e9l\u00e9phone : (514) 844-8091 | Sans frais : 1 (877) 844-8091 | info@burgundylegacyfoundation.com","og_url":"https:\/\/www.burgundylegacyfoundation.com\/fr\/nous-joindre\/","og_site_name":"Burgundy Legacy Foundation","article_modified_time":"2024-02-16T19:35:32+00:00","og_image":[{"width":1100,"height":696,"url":"https:\/\/www.burgundylegacyfoundation.com\/wp-content\/uploads\/2021\/03\/homepage-hero.jpg","type":"image\/jpeg"}],"twitter_card":"summary_large_image","twitter_misc":{"Dur\u00e9e de lecture estim\u00e9e":"1 minute"},"schema":{"@context":"https:\/\/schema.org","@graph":[{"@type":"WebPage","@id":"https:\/\/www.burgundylegacyfoundation.com\/fr\/nous-joindre\/","url":"https:\/\/www.burgundylegacyfoundation.com\/fr\/nous-joindre\/","name":"Nous joindre | Fondation patrimoine Burgundy","isPartOf":{"@id":"https:\/\/www.burgundylegacyfoundation.com\/fr\/#website"},"datePublished":"2020-10-02T19:39:33+00:00","dateModified":"2024-02-16T19:35:32+00:00","description":"Comment pouvons-nous vous aider? T\u00e9l\u00e9phone : (514) 844-8091 | Sans frais : 1 (877) 844-8091 | info@burgundylegacyfoundation.com","breadcrumb":{"@id":"https:\/\/www.burgundylegacyfoundation.com\/fr\/nous-joindre\/#breadcrumb"},"inLanguage":"fr-FR","potentialAction":[{"@type":"ReadAction","target":["https:\/\/www.burgundylegacyfoundation.com\/fr\/nous-joindre\/"]}]},{"@type":"BreadcrumbList","@id":"https:\/\/www.burgundylegacyfoundation.com\/fr\/nous-joindre\/#breadcrumb","itemListElement":[{"@type":"ListItem","position":1,"name":"Home","item":"https:\/\/www.burgundylegacyfoundation.com\/fr\/"},{"@type":"ListItem","position":2,"name":"Nous joindre"}]},{"@type":"WebSite","@id":"https:\/\/www.burgundylegacyfoundation.com\/fr\/#website","url":"https:\/\/www.burgundylegacyfoundation.com\/fr\/","name":"Burgundy Legacy Foundation","description":"","publisher":{"@id":"https:\/\/www.burgundylegacyfoundation.com\/fr\/#organization"},"potentialAction":[{"@type":"SearchAction","target":{"@type":"EntryPoint","urlTemplate":"https:\/\/www.burgundylegacyfoundation.com\/fr\/?s={search_term_string}"},"query-input":{"@type":"PropertyValueSpecification","valueRequired":true,"valueName":"search_term_string"}}],"inLanguage":"fr-FR"},{"@type":"Organization","@id":"https:\/\/www.burgundylegacyfoundation.com\/fr\/#organization","name":"Burgundy Asset Management","url":"https:\/\/www.burgundylegacyfoundation.com\/fr\/","logo":{"@type":"ImageObject","inLanguage":"fr-FR","@id":"https:\/\/www.burgundylegacyfoundation.com\/fr\/#\/schema\/logo\/image\/","url":"https:\/\/www.burgundylegacyfoundation.com\/wp-content\/uploads\/2020\/09\/BLF-Logo.svg","contentUrl":"https:\/\/www.burgundylegacyfoundation.com\/wp-content\/uploads\/2020\/09\/BLF-Logo.svg","width":1,"height":1,"caption":"Burgundy Asset Management"},"image":{"@id":"https:\/\/www.burgundylegacyfoundation.com\/fr\/#\/schema\/logo\/image\/"}}]}},"_links":{"self":[{"href":"https:\/\/www.burgundylegacyfoundation.com\/fr\/wp-json\/wp\/v2\/pages\/801","targetHints":{"allow":["GET"]}}],"collection":[{"href":"https:\/\/www.burgundylegacyfoundation.com\/fr\/wp-json\/wp\/v2\/pages"}],"about":[{"href":"https:\/\/www.burgundylegacyfoundation.com\/fr\/wp-json\/wp\/v2\/types\/page"}],"author":[{"embeddable":true,"href":"https:\/\/www.burgundylegacyfoundation.com\/fr\/wp-json\/wp\/v2\/users\/2"}],"replies":[{"embeddable":true,"href":"https:\/\/www.burgundylegacyfoundation.com\/fr\/wp-json\/wp\/v2\/comments?post=801"}],"version-history":[{"count":0,"href":"https:\/\/www.burgundylegacyfoundation.com\/fr\/wp-json\/wp\/v2\/pages\/801\/revisions"}],"wp:attachment":[{"href":"https:\/\/www.burgundylegacyfoundation.com\/fr\/wp-json\/wp\/v2\/media?parent=801"}],"curies":[{"name":"wp","href":"https:\/\/api.w.org\/{rel}","templated":true}]}}