{"id":751,"date":"2020-10-02T15:39:18","date_gmt":"2020-10-02T19:39:18","guid":{"rendered":"https:\/\/burgundylegacyfoundation.com\/mentions-legales\/"},"modified":"2024-02-16T14:33:30","modified_gmt":"2024-02-16T19:33:30","slug":"mention-juridique","status":"publish","type":"page","link":"https:\/\/www.burgundylegacyfoundation.com\/fr\/mention-juridique\/","title":{"rendered":"Mention juridique"},"content":{"rendered":"\t\t<div data-elementor-type=\"wp-page\" data-elementor-id=\"751\" class=\"elementor elementor-751 elementor-364\" data-elementor-post-type=\"page\">\n\t\t\t\t\t\t<section class=\"elementor-section elementor-top-section elementor-element elementor-element-4264a26 section-basic elementor-section-boxed elementor-section-height-default elementor-section-height-default\" data-id=\"4264a26\" data-element_type=\"section\" data-e-type=\"section\">\n\t\t\t\t\t\t<div class=\"elementor-container elementor-column-gap-default\">\n\t\t\t\t\t<div class=\"elementor-column elementor-col-100 elementor-top-column elementor-element elementor-element-fcb4c81\" data-id=\"fcb4c81\" data-element_type=\"column\" data-e-type=\"column\">\n\t\t\t<div class=\"elementor-widget-wrap elementor-element-populated\">\n\t\t\t\t\t\t<section class=\"elementor-section elementor-inner-section elementor-element elementor-element-82ea3e7 reduce-lg elementor-section-boxed elementor-section-height-default elementor-section-height-default\" data-id=\"82ea3e7\" data-element_type=\"section\" data-e-type=\"section\">\n\t\t\t\t\t\t<div class=\"elementor-container elementor-column-gap-default\">\n\t\t\t\t\t<div class=\"elementor-column elementor-col-100 elementor-inner-column elementor-element elementor-element-ede2e5b\" data-id=\"ede2e5b\" data-element_type=\"column\" data-e-type=\"column\">\n\t\t\t<div class=\"elementor-widget-wrap elementor-element-populated\">\n\t\t\t\t\t\t<div class=\"elementor-element elementor-element-cb7e2b2 elementor-widget elementor-widget-text-editor\" data-id=\"cb7e2b2\" data-element_type=\"widget\" data-e-type=\"widget\" data-widget_type=\"text-editor.default\">\n\t\t\t\t<div class=\"elementor-widget-container\">\n\t\t\t\t\t\t\t\t\t<h1>Mention juridique<\/h1>\t\t\t\t\t\t\t\t<\/div>\n\t\t\t\t<\/div>\n\t\t\t\t<div class=\"elementor-element elementor-element-f3b001a elementor-widget elementor-widget-text-editor\" data-id=\"f3b001a\" data-element_type=\"widget\" data-e-type=\"widget\" data-widget_type=\"text-editor.default\">\n\t\t\t\t<div class=\"elementor-widget-container\">\n\t\t\t\t\t\t\t\t\t<h2 style=\"font-size: 26px;\">Utilisation du site<\/h2>\n<p class=\"small\">Les conditions suivantes s\u2019appliquent \u00e0 l\u2019utilisation que vous faites du site Web de la Fondation patrimoine Burgundy (la \u00ab\u2009Fondation\u2009\u00bb), ci-apr\u00e8s d\u00e9sign\u00e9 le \u00ab\u2009Site\u2009\u00bb. Les renseignements fournis sur le Site sont pr\u00e9sent\u00e9s uniquement \u00e0 titre d\u2019information et ne visent pas \u00e0 offrir des conseils en placement, en droit, en comptabilit\u00e9 ou en fiscalit\u00e9, ni des recommandations ou des offres de sollicitation, et ne devraient pas \u00eatre consid\u00e9r\u00e9s comme tels. Les commentaires figurant sur le Site repr\u00e9sentent l\u2019opinion de la Fondation au moment de la r\u00e9daction, et peuvent renvoyer \u00e0 des sources que la Fondation croit exactes et fiables. La Fondation ne garantit pas l\u2019exactitude ou l\u2019exhaustivit\u00e9 de cette information, et nos opinions et nos points de vue peuvent changer au fil du temps. Le Site est offert \u00ab\u2009tel quel\u2009\u00bb. Nous n\u2019assumons aucune responsabilit\u00e9 quant aux pertes subies en raison de l\u2019utilisation ou de la non-disponibilit\u00e9 du pr\u00e9sent Site. La Fondation ne donne aucune garantie, expresse ou tacite, quant \u00e0 l\u2019exactitude, au caract\u00e8re opportun, ou \u00e0 l\u2019exhaustivit\u00e9 des opinions ou de l\u2019information qu\u2019elle y pr\u00e9sente, de quelque mani\u00e8re que ce soit.<\/p>\n<p class=\"small\">En continuant d\u2019acc\u00e9der au Site ou de l\u2019utiliser, vous \u00eates r\u00e9put\u00e9 en accepter les conditions modifi\u00e9es et convenir d\u2019\u00eatre li\u00e9 par toute modification apport\u00e9e \u00e0 l\u2019information fournie. En acc\u00e9dant au Site, vous acceptez et convenez de vous conformer aux conditions pr\u00e9vues aux pr\u00e9sentes.<\/p>\n\n<h2 style=\"font-size: 26px;\">S\u00e9curit\u00e9<\/h2>\n<p class=\"small\">La Fondation ne garantit aucunement que le Site offrira un service ininterrompu ou exempt d\u2019erreurs, que les probl\u00e8mes seront corrig\u00e9s et que le site et\/ou le serveur qui le rendent accessible seront exempts de virus ou d\u2019autres \u00e9l\u00e9ments nocifs. Il vous revient enti\u00e8rement de prendre les pr\u00e9cautions n\u00e9cessaires pour vous assurer que votre ordinateur est ad\u00e9quatement prot\u00e9g\u00e9 contre les virus et d\u2019autres \u00e9l\u00e9ments ayant des effets destructeurs.<\/p>\n\n<h2 style=\"font-size: 26px;\">Sites Web de tiers<\/h2>\n<p class=\"small\">Des sites Web externes ou de tiers qui peuvent donner acc\u00e8s au Site au moyen d\u2019hyperliens sont enti\u00e8rement ind\u00e9pendants du Site. Le fait qu\u2019un tiers vous dirige vers le Site ne signifie aucunement que la Fondation approuve le site Web, les produits ou les services de ce tiers.<\/p>\n<p class=\"small\">Le Site contient des liens vers les sites Web de tiers, qui vous sont uniquement offerts \u00e0 des fins de commodit\u00e9. Cela ne signifie pas que la Fondation approuve ces sites. La Fondation n\u2019est pas responsable du contenu ou de l\u2019exactitude de l\u2019information sur les sites Web de tiers, et elle n\u2019est pas tenue de mettre \u00e0 jour ni de corriger l\u2019information figurant sur ces sites. Si vous d\u00e9cidez d\u2019acc\u00e9der aux sites Web de tiers au moyen de liens, vous le faites \u00e0 vos propres risques. Ces sites Web peuvent \u00eatre r\u00e9gis par des conditions qui diff\u00e8rent de celles du pr\u00e9sent Site.<\/p>\n\n<h2 style=\"font-size: 26px;\">Confidentialit\u00e9<\/h2>\n<p class=\"small\">La Fondation s\u2019efforce de prot\u00e9ger les renseignements personnels qui lui sont confi\u00e9s. Veuillez consulter la <a class=\"elementor-underline\" href=\"https:\/\/www.burgundylegacyfoundation.com\/fr\/politique-de-confidentialite\/\">Politique de confidentialit\u00e9<\/a> de la Fondation, qui fait partie de ces conditions, pour en apprendre davantage sur la collecte, l\u2019utilisation et la divulgation de renseignements par la Fondation et sur les mesures qu\u2019elle prend pour prot\u00e9ger la confidentialit\u00e9 et la s\u00e9curit\u00e9 de vos renseignements personnels.<\/p>\n\n<h2 style=\"font-size: 26px;\">Utilisation de la raison sociale, du logo, des marques de commerce et des droits d&rsquo;auteur<\/h2>\n<p class=\"small\">Toute l\u2019information diffus\u00e9e sur le Site est la propri\u00e9t\u00e9 de la Fondation et est prot\u00e9g\u00e9e par les lois sur les droits d\u2019auteur et les marques de commerce applicables. Le fait que vous utilisiez le Site ne vous conf\u00e8re aucun droit de propri\u00e9t\u00e9 ni autre droit sur le Site ou sur son contenu. Le Site est offert \u00e0 des fins d\u2019usage licite, personnel et non commercial. Il est interdit d\u2019utiliser, de copier, de reproduire ou de redistribuer la raison sociale, le logo ou tout renseignement figurant sur le Site de la Fondation patrimoine Burgundy sans avoir obtenu le consentement \u00e9crit de la Fondation au pr\u00e9alable.<\/p>\t\t\t\t\t\t\t\t<\/div>\n\t\t\t\t<\/div>\n\t\t\t\t\t<\/div>\n\t\t<\/div>\n\t\t\t\t\t<\/div>\n\t\t<\/section>\n\t\t\t\t\t<\/div>\n\t\t<\/div>\n\t\t\t\t\t<\/div>\n\t\t<\/section>\n\t\t\t\t<\/div>\n\t\t","protected":false},"excerpt":{"rendered":"<p>Mention juridique Utilisation du site Les conditions suivantes s\u2019appliquent \u00e0 l\u2019utilisation que vous faites du site Web de la Fondation patrimoine Burgundy (la \u00ab\u2009Fondation\u2009\u00bb), ci-apr\u00e8s d\u00e9sign\u00e9 le \u00ab\u2009Site\u2009\u00bb. Les renseignements fournis sur le Site sont pr\u00e9sent\u00e9s uniquement \u00e0 titre d\u2019information et ne visent pas \u00e0 offrir des conseils en placement, en droit, en comptabilit\u00e9 ou [&hellip;]<\/p>\n","protected":false},"author":2,"featured_media":0,"parent":0,"menu_order":0,"comment_status":"closed","ping_status":"closed","template":"template-blank-elementor.php","meta":{"_acf_changed":false,"footnotes":""},"class_list":["post-751","page","type-page","status-publish","hentry"],"acf":[],"yoast_head":"<!-- This site is optimized with the Yoast SEO plugin v27.5 - https:\/\/yoast.com\/product\/yoast-seo-wordpress\/ -->\n<title>Mention juridique | Fondation patrimoine Burgundy<\/title>\n<meta name=\"description\" content=\"Les commentaires figurant sur le Site repr\u00e9sentent l\u2019opinion de la Fondation au moment de la r\u00e9daction, et peuvent renvoyer \u00e0 des sources que la Fondation croit exactes et fiables.\" \/>\n<meta name=\"robots\" content=\"index, follow, max-snippet:-1, max-image-preview:large, max-video-preview:-1\" \/>\n<link rel=\"canonical\" href=\"https:\/\/www.burgundylegacyfoundation.com\/fr\/mention-juridique\/\" \/>\n<meta property=\"og:locale\" content=\"fr_FR\" \/>\n<meta property=\"og:type\" content=\"article\" \/>\n<meta property=\"og:title\" content=\"Mention juridique | Fondation patrimoine Burgundy\" \/>\n<meta property=\"og:description\" content=\"Les commentaires figurant sur le Site repr\u00e9sentent l\u2019opinion de la Fondation au moment de la r\u00e9daction, et peuvent renvoyer \u00e0 des sources que la Fondation croit exactes et fiables.\" \/>\n<meta property=\"og:url\" content=\"https:\/\/www.burgundylegacyfoundation.com\/fr\/mention-juridique\/\" \/>\n<meta property=\"og:site_name\" content=\"Burgundy Legacy Foundation\" \/>\n<meta property=\"article:modified_time\" content=\"2024-02-16T19:33:30+00:00\" \/>\n<meta property=\"og:image\" content=\"https:\/\/www.burgundylegacyfoundation.com\/wp-content\/uploads\/2021\/03\/homepage-hero.jpg\" \/>\n\t<meta property=\"og:image:width\" content=\"1100\" \/>\n\t<meta property=\"og:image:height\" content=\"696\" \/>\n\t<meta property=\"og:image:type\" content=\"image\/jpeg\" \/>\n<meta name=\"twitter:card\" content=\"summary_large_image\" \/>\n<meta name=\"twitter:label1\" content=\"Dur\u00e9e de lecture estim\u00e9e\" \/>\n\t<meta name=\"twitter:data1\" content=\"4 minutes\" \/>\n<script type=\"application\/ld+json\" class=\"yoast-schema-graph\">{\"@context\":\"https:\\\/\\\/schema.org\",\"@graph\":[{\"@type\":\"WebPage\",\"@id\":\"https:\\\/\\\/www.burgundylegacyfoundation.com\\\/fr\\\/mention-juridique\\\/\",\"url\":\"https:\\\/\\\/www.burgundylegacyfoundation.com\\\/fr\\\/mention-juridique\\\/\",\"name\":\"Mention juridique | Fondation patrimoine Burgundy\",\"isPartOf\":{\"@id\":\"https:\\\/\\\/www.burgundylegacyfoundation.com\\\/fr\\\/#website\"},\"datePublished\":\"2020-10-02T19:39:18+00:00\",\"dateModified\":\"2024-02-16T19:33:30+00:00\",\"description\":\"Les commentaires figurant sur le Site repr\u00e9sentent l\u2019opinion de la Fondation au moment de la r\u00e9daction, et peuvent renvoyer \u00e0 des sources que la Fondation croit exactes et fiables.\",\"breadcrumb\":{\"@id\":\"https:\\\/\\\/www.burgundylegacyfoundation.com\\\/fr\\\/mention-juridique\\\/#breadcrumb\"},\"inLanguage\":\"fr-FR\",\"potentialAction\":[{\"@type\":\"ReadAction\",\"target\":[\"https:\\\/\\\/www.burgundylegacyfoundation.com\\\/fr\\\/mention-juridique\\\/\"]}]},{\"@type\":\"BreadcrumbList\",\"@id\":\"https:\\\/\\\/www.burgundylegacyfoundation.com\\\/fr\\\/mention-juridique\\\/#breadcrumb\",\"itemListElement\":[{\"@type\":\"ListItem\",\"position\":1,\"name\":\"Home\",\"item\":\"https:\\\/\\\/www.burgundylegacyfoundation.com\\\/fr\\\/\"},{\"@type\":\"ListItem\",\"position\":2,\"name\":\"Mention juridique\"}]},{\"@type\":\"WebSite\",\"@id\":\"https:\\\/\\\/www.burgundylegacyfoundation.com\\\/fr\\\/#website\",\"url\":\"https:\\\/\\\/www.burgundylegacyfoundation.com\\\/fr\\\/\",\"name\":\"Burgundy Legacy Foundation\",\"description\":\"\",\"publisher\":{\"@id\":\"https:\\\/\\\/www.burgundylegacyfoundation.com\\\/fr\\\/#organization\"},\"potentialAction\":[{\"@type\":\"SearchAction\",\"target\":{\"@type\":\"EntryPoint\",\"urlTemplate\":\"https:\\\/\\\/www.burgundylegacyfoundation.com\\\/fr\\\/?s={search_term_string}\"},\"query-input\":{\"@type\":\"PropertyValueSpecification\",\"valueRequired\":true,\"valueName\":\"search_term_string\"}}],\"inLanguage\":\"fr-FR\"},{\"@type\":\"Organization\",\"@id\":\"https:\\\/\\\/www.burgundylegacyfoundation.com\\\/fr\\\/#organization\",\"name\":\"Burgundy Asset Management\",\"url\":\"https:\\\/\\\/www.burgundylegacyfoundation.com\\\/fr\\\/\",\"logo\":{\"@type\":\"ImageObject\",\"inLanguage\":\"fr-FR\",\"@id\":\"https:\\\/\\\/www.burgundylegacyfoundation.com\\\/fr\\\/#\\\/schema\\\/logo\\\/image\\\/\",\"url\":\"https:\\\/\\\/www.burgundylegacyfoundation.com\\\/wp-content\\\/uploads\\\/2020\\\/09\\\/BLF-Logo.svg\",\"contentUrl\":\"https:\\\/\\\/www.burgundylegacyfoundation.com\\\/wp-content\\\/uploads\\\/2020\\\/09\\\/BLF-Logo.svg\",\"width\":1,\"height\":1,\"caption\":\"Burgundy Asset Management\"},\"image\":{\"@id\":\"https:\\\/\\\/www.burgundylegacyfoundation.com\\\/fr\\\/#\\\/schema\\\/logo\\\/image\\\/\"}}]}<\/script>\n<!-- \/ Yoast SEO plugin. -->","yoast_head_json":{"title":"Mention juridique | Fondation patrimoine Burgundy","description":"Les commentaires figurant sur le Site repr\u00e9sentent l\u2019opinion de la Fondation au moment de la r\u00e9daction, et peuvent renvoyer \u00e0 des sources que la Fondation croit exactes et fiables.","robots":{"index":"index","follow":"follow","max-snippet":"max-snippet:-1","max-image-preview":"max-image-preview:large","max-video-preview":"max-video-preview:-1"},"canonical":"https:\/\/www.burgundylegacyfoundation.com\/fr\/mention-juridique\/","og_locale":"fr_FR","og_type":"article","og_title":"Mention juridique | Fondation patrimoine Burgundy","og_description":"Les commentaires figurant sur le Site repr\u00e9sentent l\u2019opinion de la Fondation au moment de la r\u00e9daction, et peuvent renvoyer \u00e0 des sources que la Fondation croit exactes et fiables.","og_url":"https:\/\/www.burgundylegacyfoundation.com\/fr\/mention-juridique\/","og_site_name":"Burgundy Legacy Foundation","article_modified_time":"2024-02-16T19:33:30+00:00","og_image":[{"width":1100,"height":696,"url":"https:\/\/www.burgundylegacyfoundation.com\/wp-content\/uploads\/2021\/03\/homepage-hero.jpg","type":"image\/jpeg"}],"twitter_card":"summary_large_image","twitter_misc":{"Dur\u00e9e de lecture estim\u00e9e":"4 minutes"},"schema":{"@context":"https:\/\/schema.org","@graph":[{"@type":"WebPage","@id":"https:\/\/www.burgundylegacyfoundation.com\/fr\/mention-juridique\/","url":"https:\/\/www.burgundylegacyfoundation.com\/fr\/mention-juridique\/","name":"Mention juridique | Fondation patrimoine Burgundy","isPartOf":{"@id":"https:\/\/www.burgundylegacyfoundation.com\/fr\/#website"},"datePublished":"2020-10-02T19:39:18+00:00","dateModified":"2024-02-16T19:33:30+00:00","description":"Les commentaires figurant sur le Site repr\u00e9sentent l\u2019opinion de la Fondation au moment de la r\u00e9daction, et peuvent renvoyer \u00e0 des sources que la Fondation croit exactes et fiables.","breadcrumb":{"@id":"https:\/\/www.burgundylegacyfoundation.com\/fr\/mention-juridique\/#breadcrumb"},"inLanguage":"fr-FR","potentialAction":[{"@type":"ReadAction","target":["https:\/\/www.burgundylegacyfoundation.com\/fr\/mention-juridique\/"]}]},{"@type":"BreadcrumbList","@id":"https:\/\/www.burgundylegacyfoundation.com\/fr\/mention-juridique\/#breadcrumb","itemListElement":[{"@type":"ListItem","position":1,"name":"Home","item":"https:\/\/www.burgundylegacyfoundation.com\/fr\/"},{"@type":"ListItem","position":2,"name":"Mention juridique"}]},{"@type":"WebSite","@id":"https:\/\/www.burgundylegacyfoundation.com\/fr\/#website","url":"https:\/\/www.burgundylegacyfoundation.com\/fr\/","name":"Burgundy Legacy Foundation","description":"","publisher":{"@id":"https:\/\/www.burgundylegacyfoundation.com\/fr\/#organization"},"potentialAction":[{"@type":"SearchAction","target":{"@type":"EntryPoint","urlTemplate":"https:\/\/www.burgundylegacyfoundation.com\/fr\/?s={search_term_string}"},"query-input":{"@type":"PropertyValueSpecification","valueRequired":true,"valueName":"search_term_string"}}],"inLanguage":"fr-FR"},{"@type":"Organization","@id":"https:\/\/www.burgundylegacyfoundation.com\/fr\/#organization","name":"Burgundy Asset Management","url":"https:\/\/www.burgundylegacyfoundation.com\/fr\/","logo":{"@type":"ImageObject","inLanguage":"fr-FR","@id":"https:\/\/www.burgundylegacyfoundation.com\/fr\/#\/schema\/logo\/image\/","url":"https:\/\/www.burgundylegacyfoundation.com\/wp-content\/uploads\/2020\/09\/BLF-Logo.svg","contentUrl":"https:\/\/www.burgundylegacyfoundation.com\/wp-content\/uploads\/2020\/09\/BLF-Logo.svg","width":1,"height":1,"caption":"Burgundy Asset Management"},"image":{"@id":"https:\/\/www.burgundylegacyfoundation.com\/fr\/#\/schema\/logo\/image\/"}}]}},"_links":{"self":[{"href":"https:\/\/www.burgundylegacyfoundation.com\/fr\/wp-json\/wp\/v2\/pages\/751","targetHints":{"allow":["GET"]}}],"collection":[{"href":"https:\/\/www.burgundylegacyfoundation.com\/fr\/wp-json\/wp\/v2\/pages"}],"about":[{"href":"https:\/\/www.burgundylegacyfoundation.com\/fr\/wp-json\/wp\/v2\/types\/page"}],"author":[{"embeddable":true,"href":"https:\/\/www.burgundylegacyfoundation.com\/fr\/wp-json\/wp\/v2\/users\/2"}],"replies":[{"embeddable":true,"href":"https:\/\/www.burgundylegacyfoundation.com\/fr\/wp-json\/wp\/v2\/comments?post=751"}],"version-history":[{"count":0,"href":"https:\/\/www.burgundylegacyfoundation.com\/fr\/wp-json\/wp\/v2\/pages\/751\/revisions"}],"wp:attachment":[{"href":"https:\/\/www.burgundylegacyfoundation.com\/fr\/wp-json\/wp\/v2\/media?parent=751"}],"curies":[{"name":"wp","href":"https:\/\/api.w.org\/{rel}","templated":true}]}}